{"id":2296,"date":"2022-07-13T18:09:40","date_gmt":"2022-07-13T18:09:40","guid":{"rendered":"http:\/\/manufactus.art\/?post_type=product&#038;p=2296"},"modified":"2023-06-18T10:14:32","modified_gmt":"2023-06-18T10:14:32","slug":"pochette-cavalleria","status":"publish","type":"product","link":"https:\/\/manufactus.art\/?product=pochette-cavalleria","title":{"rendered":"Pochette Cavaller\u00eda"},"content":{"rendered":"","protected":false},"excerpt":{"rendered":"<p>Neceser confeccionado de forma artesanal con tela algod\u00f3n 100%, para complementar los bolsos Cavaller\u00eda con la t\u00e9cnica Furoshiki<\/p>\n","protected":false},"featured_media":2303,"comment_status":"open","ping_status":"closed","template":"","meta":{"jetpack_publicize_message":"","jetpack_publicize_feature_enabled":true,"jetpack_social_post_already_shared":false,"jetpack_social_options":{"image_generator_settings":{"template":"highway","default_image_id":0,"font":"","enabled":false},"version":2}},"product_brand":[],"product_cat":[390],"product_tag":[],"class_list":{"0":"post-2296","1":"product","2":"type-product","3":"status-publish","4":"has-post-thumbnail","6":"product_cat-clutch_es","7":"pa_telas_bolso-41-aeb_es","8":"pa_telas_bolso-37-ap_es","9":"pa_telas_bolso-40-bra_es","10":"pa_telas_bolso-15-btga_es","11":"pa_telas_bolso-38-cr_es","12":"pa_telas_bolso-39-tb_es","14":"first","15":"instock","16":"taxable","17":"shipping-taxable","18":"purchasable","19":"product-type-variable"},"jetpack_publicize_connections":[],"jetpack_sharing_enabled":true,"_links":{"self":[{"href":"https:\/\/manufactus.art\/index.php?rest_route=\/wp\/v2\/product\/2296","targetHints":{"allow":["GET"]}}],"collection":[{"href":"https:\/\/manufactus.art\/index.php?rest_route=\/wp\/v2\/product"}],"about":[{"href":"https:\/\/manufactus.art\/index.php?rest_route=\/wp\/v2\/types\/product"}],"replies":[{"embeddable":true,"href":"https:\/\/manufactus.art\/index.php?rest_route=%2Fwp%2Fv2%2Fcomments&post=2296"}],"wp:featuredmedia":[{"embeddable":true,"href":"https:\/\/manufactus.art\/index.php?rest_route=\/wp\/v2\/media\/2303"}],"wp:attachment":[{"href":"https:\/\/manufactus.art\/index.php?rest_route=%2Fwp%2Fv2%2Fmedia&parent=2296"}],"wp:term":[{"taxonomy":"product_brand","embeddable":true,"href":"https:\/\/manufactus.art\/index.php?rest_route=%2Fwp%2Fv2%2Fproduct_brand&post=2296"},{"taxonomy":"product_cat","embeddable":true,"href":"https:\/\/manufactus.art\/index.php?rest_route=%2Fwp%2Fv2%2Fproduct_cat&post=2296"},{"taxonomy":"product_tag","embeddable":true,"href":"https:\/\/manufactus.art\/index.php?rest_route=%2Fwp%2Fv2%2Fproduct_tag&post=2296"}],"curies":[{"name":"wp","href":"https:\/\/api.w.org\/{rel}","templated":true}]}}