{"id":1797,"date":"2022-05-22T12:29:18","date_gmt":"2022-05-22T12:29:18","guid":{"rendered":"http:\/\/manufactus.art\/?product=cavalleria"},"modified":"2022-06-16T09:38:20","modified_gmt":"2022-06-16T09:38:20","slug":"cavalleria_ca","status":"publish","type":"product","link":"https:\/\/manufactus.art\/?product=cavalleria_ca&lang=ca","title":{"rendered":"Cavalleria"},"content":{"rendered":"","protected":false},"excerpt":{"rendered":"<p>Bossa feta a m\u00e0 amb roba de cot\u00f3 100% i ansa de cuir, amb la t\u00e8cnica mil\u00b7len\u00e0ria del Furoshiki d&#8217;embolicar objectes amb roba i nusos<\/p>\n","protected":false},"featured_media":1887,"comment_status":"open","ping_status":"closed","template":"","meta":{"jetpack_publicize_message":"","jetpack_publicize_feature_enabled":true,"jetpack_social_post_already_shared":false,"jetpack_social_options":{"image_generator_settings":{"template":"highway","default_image_id":0,"font":"","enabled":false},"version":2}},"product_brand":[],"product_cat":[91],"product_tag":[109,358],"class_list":{"0":"post-1797","1":"product","2":"type-product","3":"status-publish","4":"has-post-thumbnail","6":"product_cat-bosses","7":"product_tag-100_coto_ca","8":"product_tag-furoshiki_cat","9":"pa_tamany-xl-ca","10":"pa_telas_bolso-15-btgb","11":"pa_telas_bolso-14b-bmdgt-ca","12":"pa_telas_bolso-17-tmrd_ca","13":"pa_telas_bolso-17-tcsd_ca","14":"pa_telas_bolso-14-tgbbm_ca","15":"pa_telas_bolso-12-tvc","17":"first","18":"instock","19":"taxable","20":"shipping-taxable","21":"purchasable","22":"product-type-variable"},"jetpack_publicize_connections":[],"jetpack_sharing_enabled":true,"_links":{"self":[{"href":"https:\/\/manufactus.art\/index.php?rest_route=\/wp\/v2\/product\/1797","targetHints":{"allow":["GET"]}}],"collection":[{"href":"https:\/\/manufactus.art\/index.php?rest_route=\/wp\/v2\/product"}],"about":[{"href":"https:\/\/manufactus.art\/index.php?rest_route=\/wp\/v2\/types\/product"}],"replies":[{"embeddable":true,"href":"https:\/\/manufactus.art\/index.php?rest_route=%2Fwp%2Fv2%2Fcomments&post=1797"}],"wp:featuredmedia":[{"embeddable":true,"href":"https:\/\/manufactus.art\/index.php?rest_route=\/wp\/v2\/media\/1887"}],"wp:attachment":[{"href":"https:\/\/manufactus.art\/index.php?rest_route=%2Fwp%2Fv2%2Fmedia&parent=1797"}],"wp:term":[{"taxonomy":"product_brand","embeddable":true,"href":"https:\/\/manufactus.art\/index.php?rest_route=%2Fwp%2Fv2%2Fproduct_brand&post=1797"},{"taxonomy":"product_cat","embeddable":true,"href":"https:\/\/manufactus.art\/index.php?rest_route=%2Fwp%2Fv2%2Fproduct_cat&post=1797"},{"taxonomy":"product_tag","embeddable":true,"href":"https:\/\/manufactus.art\/index.php?rest_route=%2Fwp%2Fv2%2Fproduct_tag&post=1797"}],"curies":[{"name":"wp","href":"https:\/\/api.w.org\/{rel}","templated":true}]}}