{"id":783,"date":"2022-02-02T16:29:28","date_gmt":"2022-02-02T16:29:28","guid":{"rendered":"http:\/\/manufactus.art\/qui-som"},"modified":"2022-06-09T08:10:42","modified_gmt":"2022-06-09T08:10:42","slug":"qui-som","status":"publish","type":"page","link":"https:\/\/manufactus.art\/?page_id=783&lang=ca","title":{"rendered":"Inici"},"content":{"rendered":"<p>Apassionats de la creativitat, l\u2019art, el disseny i el fet a m\u00e0, neix \u201cManufactus\u201d de les terminologies del llat\u00ed \u201cManus\u201d m\u00e0 i \u201cFactus\u201d fet \u201c Fet a m\u00e0\u201d. Treballar amb les mans i des del cor, deixar anar la ment creant idees, objectes i sensacions de benestar en el dia a dia i en ambients agradables per viure-hi, \u201cFet amb les mans, obeint el cor\u201d.<\/p>\n<p>\u00c9s un vertader privilegi poder fer el que ens apassiona mentre estem treballant, aprenem de tot el que veiem i gaudim de ser \u201cartesans\u201d, deixem que l\u2019\u00e0nima surti a la llum transformada en una pe\u00e7a o objecte.<\/p>\n<p>Apostam per un estil que expressi qui som, emprenem donant el millor en el que fem, \u201csi t\u2019emociona el que fas, est\u00e0s creant\u201d. El proc\u00e9s creatiu mai es det\u00e9, \u201cels petits detalls fan grans difer\u00e8ncies, no es tracta de colors o formes sin\u00f3 de transmetre sensacions. \u201cLa creativitat no es un hobby sin\u00f3 un estil de vida\u201d, \u201cla imaginaci\u00f3 ens fa infinits\u201d. Aprenem de tot el que veiem deixant fluir els sentits.<\/p>\n<p>Menorca \u00e9s la nostra font d\u2019inspiraci\u00f3, les nostres arrels, tot aix\u00f2 fa que apostem per un producte local i de proximitat, km 0, original, i on tenim els nostre taller i showroom.<\/p>\n<p>Les peces artesanals s\u00f3n totes diferents entre s\u00ed i les coses m\u00e9s boniques no s\u00f3n perfectes sin\u00f3 especials.<\/p>\n<p>El nostre cat\u00e0leg de productes engloba tan complements de moda com objectes per la llar, decoraci\u00f3 i il\u00b7luminaci\u00f3 per a diferents ambients, en series limitades i per enc\u00e0rrec, sense perdre l\u2019ess\u00e8ncia.<\/p>\n<p>No busquem clients pels nostres productes sin\u00f3 productes pels nostres clients, no volem satisfer el client sin\u00f3 deixar-lo encantat, transmetent-li sensacions.<\/p>\n<p><em>En l\u2019art com en l\u2019amor, la tendresa \u00e9s el que dona la for\u00e7a i sense passi\u00f3 no hi ha art<\/em> \u201cHenri Matisse\u201d<br \/>\n<em>La creativitat \u00e9s la intel\u00b7lig\u00e8ncia divertit-se<\/em> \u201cAlbert Einstein\u201d<br \/>\n<em>L\u2019art ens permet trobar-nos i perdre\u2019ns al mateix temps<\/em> \u201cThomas Melton\u201d<\/p>\n","protected":false},"excerpt":{"rendered":"<p>Apassionats de la creativitat, l\u2019art, el disseny i el fet a m\u00e0, neix \u201cManufactus\u201d de les terminologies del llat\u00ed \u201cManus\u201d m\u00e0 i \u201cFactus\u201d fet \u201c Fet a m\u00e0\u201d. Treballar amb les mans i des del cor, deixar anar la ment creant idees, objectes i sensacions de benestar en el dia a dia i en ambients [&hellip;]<\/p>\n","protected":false},"author":1,"featured_media":0,"parent":1394,"menu_order":0,"comment_status":"closed","ping_status":"closed","template":"","meta":{"footnotes":""},"class_list":["post-783","page","type-page","status-publish","hentry"],"jetpack_sharing_enabled":true,"_links":{"self":[{"href":"https:\/\/manufactus.art\/index.php?rest_route=\/wp\/v2\/pages\/783","targetHints":{"allow":["GET"]}}],"collection":[{"href":"https:\/\/manufactus.art\/index.php?rest_route=\/wp\/v2\/pages"}],"about":[{"href":"https:\/\/manufactus.art\/index.php?rest_route=\/wp\/v2\/types\/page"}],"author":[{"embeddable":true,"href":"https:\/\/manufactus.art\/index.php?rest_route=\/wp\/v2\/users\/1"}],"replies":[{"embeddable":true,"href":"https:\/\/manufactus.art\/index.php?rest_route=%2Fwp%2Fv2%2Fcomments&post=783"}],"version-history":[{"count":11,"href":"https:\/\/manufactus.art\/index.php?rest_route=\/wp\/v2\/pages\/783\/revisions"}],"predecessor-version":[{"id":1960,"href":"https:\/\/manufactus.art\/index.php?rest_route=\/wp\/v2\/pages\/783\/revisions\/1960"}],"up":[{"embeddable":true,"href":"https:\/\/manufactus.art\/index.php?rest_route=\/wp\/v2\/pages\/1394"}],"wp:attachment":[{"href":"https:\/\/manufactus.art\/index.php?rest_route=%2Fwp%2Fv2%2Fmedia&parent=783"}],"curies":[{"name":"wp","href":"https:\/\/api.w.org\/{rel}","templated":true}]}}