{"id":3,"date":"2022-02-02T15:11:29","date_gmt":"2022-02-02T15:11:29","guid":{"rendered":"http:\/\/manufactus.online\/?page_id=3"},"modified":"2022-06-16T09:13:24","modified_gmt":"2022-06-16T09:13:24","slug":"privacy-policy","status":"publish","type":"page","link":"https:\/\/manufactus.art\/?page_id=3","title":{"rendered":"Privacy Policy"},"content":{"rendered":"\n<p><strong>RESPONSABLE<\/strong><\/p>\n\n\n\n<p>De conformidad con lo establecido por el&nbsp;<strong>Reglamento General (UE) 2016\/679 de Protecci\u00f3n de datos y la Ley Org\u00e1nica 3\/2018 de Protecci\u00f3n de Datos personales y garant\u00edas de los derechos digitales<\/strong>, le informamos que los datos personales facilitados a trav\u00e9s de los formularios, as\u00ed como su direcci\u00f3n de correo electr\u00f3nico, han sido incluidos en un tratamiento titularidad de&nbsp;MANUFACTUS.SL<strong> [<\/strong>de ahora en adelante<strong>&nbsp;MANUFACTUS],&nbsp;<\/strong>con&nbsp; domicilio social en cami de baix 15 &#8211; 07712 MA\u00d3 (MENORCA), NIF B16657611, es la encargada de la explotaci\u00f3n, gesti\u00f3n y funcionamiento del portal Web mencionado anteriormente.<br>E-mail&nbsp;<strong>artifex@manufactus.art,<\/strong>&nbsp;con el fin de atender sus consultas y el env\u00edo de informaci\u00f3n relacionada con los servicios que ofrece&nbsp;<strong>MANUFACTUS.<\/strong><\/p>\n\n\n\n<p>Se informa que los datos pueden ser utilizados para el env\u00edo de comunicaciones comerciales, por cualquier medio, relativo a actividades y servicios de nuestra empresa o grupo empresarial que puedan ser de su inter\u00e9s. Usted podr\u00e1 en cualquier momento oponerse a este tipo de comunicaciones, enviando un correo electr\u00f3nico a la direcci\u00f3n&nbsp;<strong><strong>artifex@manufactus.art<\/strong><\/strong>&nbsp;e indicando en el asunto&nbsp;<strong>&#8220;BAJA DE LA LISTA DE DISTRIBUCI\u00d3N&#8221;.<\/strong><\/p>\n\n\n\n<p>As\u00ed mismo, podr\u00e1 ejercer los derechos de&nbsp;<strong>a<\/strong>cceso,&nbsp;<strong>r<\/strong>ectificaci\u00f3n,&nbsp;<strong>s<\/strong>upresi\u00f3n,<strong>&nbsp;c<\/strong>ancelaci\u00f3n,&nbsp;<strong>o<\/strong>posici\u00f3n,&nbsp;<strong>p<\/strong>ortabilidad y&nbsp;<strong>l<\/strong>imitaci\u00f3n, enviando un escrito acompa\u00f1ado de una fotocopia del D.N.I o documento acreditativo equivalente a la siguiente direcci\u00f3n:&nbsp;<strong>c\/ Comerciants, 9&nbsp; &#8211; 07760 CIUTADELLA DE MENORCA (MENORCA)&nbsp;<\/strong>o envi\u00e1ndolo por correo electr\u00f3nico a&nbsp;<strong>info@xuroa.com<\/strong>&nbsp;indicando en el asunto &#8220;<strong>PROTECCI\u00d3N DE DATOS<\/strong>&#8220;.<\/p>\n\n\n\n<p><strong>POL\u00cdTICA<\/strong><\/p>\n\n\n\n<p><strong>MANUFACTUS <\/strong>est\u00e1 especialmente sensibilizado con la protecci\u00f3n de los datos de los usuarios de los servicios que acceden al sitio web. Mediante la presente Pol\u00edtica de Privacidad se informa a los usuarios de\u00a0<strong>xuroa.com<\/strong>\u00a0del tratamiento y usos a los que se someten los datos personales que se recaban en la web mediante la\u00a0<strong>informaci\u00f3n adicional<\/strong>, con el fin de que decidan, libre y voluntariamente, si desean facilitar la informaci\u00f3n solicitada.<\/p>\n\n\n\n<p><strong>MEDIDAS DE SEGURIDAD<\/strong>&nbsp;<\/p>\n\n\n\n<p>Finalmente se informa que\u00a0<strong><strong>MANUFACTUS <\/strong>,\u00a0<\/strong>ha adoptado en el sistema de informaci\u00f3n las medidas t\u00e9cnicas y organizativas adecuadas, con objeto de garantizar la seguridad y confidencialidad de los datos almacenados, evitando as\u00ed, su alteraci\u00f3n, p\u00e9rdida, tratamiento o acceso no autorizado; teniendo en cuenta el estado de la t\u00e9cnica, los costes de aplicaci\u00f3n, y la naturaleza, el alcance, el contexto y las finalidades del tratamiento, as\u00ed como riesgos de probabilidad y gravedad variables asociadas a cada uno de los tratamientos.<\/p>\n\n\n\n<p><strong>DERECHOS DE LOS USUARIOS<\/strong>&nbsp;<\/p>\n\n\n\n<p>El interesado de los datos personales podr\u00e1 ejercitar los derechos que le asisten, de acuerdo con el Reglamento General de Protecci\u00f3n de Datos y del Ley Org\u00e1nica 3\/2018 de Protecci\u00f3n de datos personales y garant\u00edas de los derechos digitales, y que son:<\/p>\n\n\n\n<p><strong>A<\/strong>.- El derecho de&nbsp;<strong>acceso<\/strong>, se podr\u00e1 ejercitar con periodicidad anual, excepto inter\u00e9s leg\u00edtimo acreditado. Al ejercitar este derecho, el interesado podr\u00e1 optar por los siguientes sistemas de consulta del fichero:<\/p>\n\n\n\n<p>&#8211; Enviar un correo electr\u00f3nico a:\u00a0<strong>artifex@manufactus.cat<\/strong><br>&#8211; Comunicaci\u00f3n por escrito dirigida a:\u00a0<strong><strong>MANUFACTUS <\/strong>, cam\u00ed de baix 15\u00a0 &#8211; 07712 MA\u00d3 (MENORCA)<\/strong><\/p>\n\n\n\n<p><strong><strong>MANUFACTUS <\/strong>,\u00a0<\/strong>proceder\u00e1 a notificar su decisi\u00f3n en el plazo de un mes. Si fuera en sentido afirmativo, el interesado podr\u00e1 acceder a la referida informaci\u00f3n en el plazo de los 10 d\u00edas siguientes a su notificaci\u00f3n.<\/p>\n\n\n\n<p><strong>B<\/strong>.- El derecho de\u00a0<strong>rectificaci\u00f3n\u00a0<\/strong>y\u00a0<strong>cancelaci\u00f3n<\/strong>\u00a0podr\u00e1n ser ejercitados, con arreglo a las siguientes previsiones, siempre que el interesado considere que los datos recogidos en nuestros tratamientos son\u00a0<em>inexactos, incompletos, inadecuados o excesivos.<\/em>\u00a0En este caso, podr\u00e1 ejercitarlos a trav\u00e9s de alguno de los medios anteriormente previstos.<br><strong><strong>MANUFACTUS <\/strong>,\u00a0<\/strong>proceder\u00e1 a la rectificaci\u00f3n o cancelaci\u00f3n dentro de los 10 d\u00edas siguientes al de la recepci\u00f3n de la solicitud.<\/p>\n\n\n\n<p><strong>C<\/strong>.- El derecho de&nbsp;<strong>oposici\u00f3n&nbsp;<\/strong>podr\u00e1 ser ejercitado, con arreglo a las siguientes previsiones, siempre que el interesado quiera oponerse al tratamiento de sus datos personales tanto si los datos se tratan l\u00edcitamente por inter\u00e9s leg\u00edtimo o consentimiento relativo a fines publicitarios.<\/p>\n\n\n\n<p><strong>D<\/strong>.- El derecho de&nbsp;<strong>portabilidad<\/strong>&nbsp;podr\u00e1 ser ejercitado, con arreglo a las siguientes previsiones, siempre que el interesado considere que los datos recogidos en nuestros tratamientos tienen que ser devueltos al titular de los datos, o en su caso a un tercero (Encargado de tratamiento).<\/p>\n\n\n\n<p><strong>E<\/strong>.- El derecho de&nbsp;<strong>limitaci\u00f3n del tratamiento&nbsp;<\/strong>podr\u00e1 ser ejercitado, previamente el derecho de oposici\u00f3n al tratamiento de sus datos, y que mientras no se resuelva el derecho de oposici\u00f3n, se limite el tratamiento de los datos.<\/p>\n\n\n\n<p><strong>CAMBIO DE NORMATIVA<\/strong>&nbsp;<\/p>\n\n\n\n<p><strong><strong>MANUFACTUS <\/strong>,\u00a0<\/strong>se reserva el derecho de modificar la presente pol\u00edtica con el objeto de adaptarla a las novedades legislativas o jurisprudenciales. Tales cambios ser\u00e1n comunicados con la antelaci\u00f3n que sea necesaria en nuestra p\u00e1gina web, sin perjuicio de reclamar el consentimiento necesario de los afectados cuando este no se considere otorgado con arreglo a los t\u00e9rminos de la presente pol\u00edtica.<\/p>\n\n\n\n<p>Cualquier duda, pregunta o comentario que pudiera tener en referencia a la presente normativa, no dude en consultarlo dirigiendo su comunicaci\u00f3n a:\u00a0<strong>artifex@manufactus.art@xuroa.com.<\/strong><\/p>\n\n\n\n<p><\/p>\n","protected":false},"excerpt":{"rendered":"<p>RESPONSABLE De conformidad con lo establecido por el&nbsp;Reglamento General (UE) 2016\/679 de Protecci\u00f3n de datos y la Ley Org\u00e1nica 3\/2018 de Protecci\u00f3n de Datos personales y garant\u00edas de los derechos digitales, le informamos que los datos personales facilitados a trav\u00e9s de los formularios, as\u00ed como su direcci\u00f3n de correo electr\u00f3nico, han sido incluidos en un [&hellip;]<\/p>\n","protected":false},"author":1,"featured_media":0,"parent":0,"menu_order":0,"comment_status":"closed","ping_status":"open","template":"","meta":{"footnotes":""},"class_list":["post-3","page","type-page","status-publish","hentry"],"jetpack_sharing_enabled":true,"_links":{"self":[{"href":"https:\/\/manufactus.art\/index.php?rest_route=\/wp\/v2\/pages\/3","targetHints":{"allow":["GET"]}}],"collection":[{"href":"https:\/\/manufactus.art\/index.php?rest_route=\/wp\/v2\/pages"}],"about":[{"href":"https:\/\/manufactus.art\/index.php?rest_route=\/wp\/v2\/types\/page"}],"author":[{"embeddable":true,"href":"https:\/\/manufactus.art\/index.php?rest_route=\/wp\/v2\/users\/1"}],"replies":[{"embeddable":true,"href":"https:\/\/manufactus.art\/index.php?rest_route=%2Fwp%2Fv2%2Fcomments&post=3"}],"version-history":[{"count":3,"href":"https:\/\/manufactus.art\/index.php?rest_route=\/wp\/v2\/pages\/3\/revisions"}],"predecessor-version":[{"id":1801,"href":"https:\/\/manufactus.art\/index.php?rest_route=\/wp\/v2\/pages\/3\/revisions\/1801"}],"wp:attachment":[{"href":"https:\/\/manufactus.art\/index.php?rest_route=%2Fwp%2Fv2%2Fmedia&parent=3"}],"curies":[{"name":"wp","href":"https:\/\/api.w.org\/{rel}","templated":true}]}}