{"id":1403,"date":"2022-06-03T11:09:17","date_gmt":"2022-06-03T11:09:17","guid":{"rendered":"http:\/\/manufactus.art\/inicio-2"},"modified":"2024-06-15T10:24:14","modified_gmt":"2024-06-15T10:24:14","slug":"quien_somos","status":"publish","type":"page","link":"https:\/\/manufactus.art\/?page_id=1403","title":{"rendered":"Quiens somos"},"content":{"rendered":"\n<p>Nuestro proyecto se llama <strong>Manufactus.art <\/strong>y porqu\u00e9 este nombre?? En lat\u00edn <strong> manus <\/strong> significa <em>mano<\/em> y <strong>factus<\/strong> <em>hacer <\/em>, hecho a mano, y el punto art, es el sufijo en internet que significa arte.<\/p>\n\n\n\n<p>Nuestra idea de negocio surgi\u00f3 de las necesidades personales de crear con las manos y desde el coraz\u00f3n, dejando fluir la mente, creando ideas, objetos y sensaciones de bienestar en el d\u00eda a d\u00eda y generando ambientes agradables donde vivir.<\/p>\n\n\n\n<p>Las piezas artesanales son todas diferentes entre s\u00ed y las cosas m\u00e1s bonitas no son perfectas sino especiales.<br>Nuestro cat\u00e1logo de productos engloba tanto complementos de moda c\u00f3mo objetos de decoraci\u00f3n y iluminaci\u00f3n para diferentes ambientes, comercial, del hogar e infantiles&nbsp;en series limitadas e incluso por encargo, sin perder la esencia.<\/p>\n\n\n\n<p>Nosotros apostamos por un producto local y de proximidad km 0 tanto en <a href=\"https:\/\/www.menorca.es\/\"><em>Menorca<\/em> <\/a>c\u00f3mo en <a href=\"https:\/\/www.barcelona.cat\/ca\/\"> Alt Empord\u00e1 <\/a>d\u00f3nde tenemos nuestros talleres y showroom.<\/p>\n\n\n\n<p>Apostamos por un estilo que exprese quienes somos, damos lo mejor en todo lo que hacemos ya que si te emociona lo que haces, est\u00e1s creando. El proceso creativo nunca se detiene, los peque\u00f1os detalles generan la diferencia, no se trata de colores ni formas sino de trasmitir sensaciones. La creatividad no es un hobby sino una forma de vida, la imaginaci\u00f3n nos hace infinitos y aprendemos de todo lo que observamos y dejamos fluir los sentidos.<\/p>\n\n\n\n<p>No buscamos clientes para nuestros productos sino que creamos productos para nuestros clientes, no queremos solo satisfacerlo sino tambi\u00e9n transmitirle sensaciones.<\/p>\n","protected":false},"excerpt":{"rendered":"<p>Nuestro proyecto se llama Manufactus.art y porqu\u00e9 este nombre?? En lat\u00edn manus significa mano y factus hacer , hecho a mano, y el punto art, es el sufijo en internet que significa arte. Nuestra idea de negocio surgi\u00f3 de las necesidades personales de crear con las manos y desde el coraz\u00f3n, dejando fluir la mente, [&hellip;]<\/p>\n","protected":false},"author":1,"featured_media":0,"parent":0,"menu_order":0,"comment_status":"closed","ping_status":"closed","template":"","meta":{"footnotes":""},"class_list":["post-1403","page","type-page","status-publish","hentry"],"jetpack_sharing_enabled":true,"_links":{"self":[{"href":"https:\/\/manufactus.art\/index.php?rest_route=\/wp\/v2\/pages\/1403","targetHints":{"allow":["GET"]}}],"collection":[{"href":"https:\/\/manufactus.art\/index.php?rest_route=\/wp\/v2\/pages"}],"about":[{"href":"https:\/\/manufactus.art\/index.php?rest_route=\/wp\/v2\/types\/page"}],"author":[{"embeddable":true,"href":"https:\/\/manufactus.art\/index.php?rest_route=\/wp\/v2\/users\/1"}],"replies":[{"embeddable":true,"href":"https:\/\/manufactus.art\/index.php?rest_route=%2Fwp%2Fv2%2Fcomments&post=1403"}],"version-history":[{"count":4,"href":"https:\/\/manufactus.art\/index.php?rest_route=\/wp\/v2\/pages\/1403\/revisions"}],"predecessor-version":[{"id":3094,"href":"https:\/\/manufactus.art\/index.php?rest_route=\/wp\/v2\/pages\/1403\/revisions\/3094"}],"wp:attachment":[{"href":"https:\/\/manufactus.art\/index.php?rest_route=%2Fwp%2Fv2%2Fmedia&parent=1403"}],"curies":[{"name":"wp","href":"https:\/\/api.w.org\/{rel}","templated":true}]}}