{"id":13,"date":"2022-06-03T11:41:43","date_gmt":"2022-06-03T11:41:43","guid":{"rendered":"http:\/\/manufactus.online\/?page_id=13"},"modified":"2022-06-15T11:19:05","modified_gmt":"2022-06-15T11:19:05","slug":"reembolso_devoluciones","status":"publish","type":"page","link":"https:\/\/manufactus.art\/?page_id=13","title":{"rendered":"Pol\u00edtica de devoluciones"},"content":{"rendered":"\n<p><\/p>\n\n\n<h3>OverLaview<\/h3>\n\n\n<p>Nuestra pol\u00edtica de devoluciones es de 30 d\u00edas. Si han tanscurrido mas de 30 d\u00edas, no le podremos ofrecer una devoluc\u00edon o cambio completa sin penalizaci\u00f3n<\/p>\n\n\n\n<p>Para poder ofrecerle una devoluci\u00f3n o cambio, la compra debe estar sin usar y en las mismas condiciones que la recibi\u00f3. Tambi\u00e9n debe estar en su embalaje original.<\/p>\n\n\n\n<p>Algunos tipos de productos no admiten devoluciones.<\/p>\n\n\n\n<p>Elementos que no admiten devoluciones:<\/p>\n\n\n\n<ul class=\"wp-block-list\"><li>Tarjetas regalo<\/li><li>Productos hechos por encargo<\/li><li>Productos personalizados<\/li><\/ul>\n\n\n\n<p>To complete your return, we require a receipt or proof of purchase.<\/p>\n\n\n\n<p>Por favor no nos envie su cumpra si es uno de los casos anteriores. Primero contactenos<\/p>\n\n\n\n<p>Hay algunas situaciones en las que podriamos realizar una devoluci\u00f3n parcial:<\/p>\n\n\n\n<ul class=\"wp-block-list\"><li>Un art\u00edculo que no esta en las condiciones oiriginales , esta roto o le faltan partes sin causas imputables a nosotros.<\/li><li>Cualquier elemento que haya sido devuelto despu\u00e9s de mas de 30 d\u00edas despu\u00e9s de la entrega.<\/li><\/ul>\n\n\n\n<p><\/p>\n\n\n\n<p>Despu\u00e9s de recibir el paquete, procederemos a la inspeccion y les remitiremos un email notificando que lo hemos recibido. Tambi\u00e9n le notificaremos si aprovamos o no la devoluci\u00f3n<\/p>\n\n\n\n<p>If you are approved, then your refund will be processed, and a credit will automatically be applied to your credit card or original method of payment, within a certain amount of days.<\/p>\n\n\n\n<p><b>Late or missing refunds<\/b><\/p>\n\n\n\n<p>If you haven\u2019t received a refund yet, first check your bank account again.<\/p>\n\n\n\n<p>Then contact your credit card company, it may take some time before your refund is officially posted.<\/p>\n\n\n\n<p>Next contact your bank. There is often some processing time before a refund is posted.<\/p>\n\n\n\n<p>If you\u2019ve done all of this and you still have not received your refund yet, please contact us at {email address}.<\/p>\n\n\n\n<p><b>Sale items<\/b><\/p>\n\n\n\n<p>Only regular priced items may be refunded. Sale items cannot be refunded.<\/p>\n\n\n\n<p><h2>Exchanges<\/h2><\/p>\n\n\n\n<p>We only replace items if they are defective or damaged. If you need to exchange it for the same item, send us an email at {email address} and send your item to: {physical address}.<\/p>\n\n\n\n<p><h2>Gifts<\/h2><\/p>\n\n\n\n<p>If the item was marked as a gift when purchased and shipped directly to you, you\u2019ll receive a gift credit for the value of your return. Once the returned item is received, a gift certificate will be mailed to you.<\/p>\n\n\n\n<p>If the item wasn\u2019t marked as a gift when purchased, or the gift giver had the order shipped to themselves to give to you later, we will send a refund to the gift giver and they will find out about your return.<\/p>\n\n\n\n<p><h2>Shipping returns<\/h2><\/p>\n\n\n\n<p>To return your product, you should mail your product to: {physical address}.<\/p>\n\n\n\n<p>You will be responsible for paying for your own shipping costs for returning your item. Shipping costs are non-refundable. If you receive a refund, the cost of return shipping will be deducted from your refund.<\/p>\n\n\n\n<p>Depending on where you live, the time it may take for your exchanged product to reach you may vary.<\/p>\n\n\n\n<p>If you are returning more expensive items, you may consider using a trackable shipping service or purchasing shipping insurance. We don\u2019t guarantee that we will receive your returned item.<\/p>\n\n\n\n<p><h2>Need help?<\/h2><\/p>\n\n\n\n<p>Contact us at {email} for questions related to refunds and returns.<\/p>\n","protected":false},"excerpt":{"rendered":"<p>OverLaview Nuestra pol\u00edtica de devoluciones es de 30 d\u00edas. Si han tanscurrido mas de 30 d\u00edas, no le podremos ofrecer una devoluc\u00edon o cambio completa sin penalizaci\u00f3n Para poder ofrecerle una devoluci\u00f3n o cambio, la compra debe estar sin usar y en las mismas condiciones que la recibi\u00f3. Tambi\u00e9n debe estar en su embalaje original. [&hellip;]<\/p>\n","protected":false},"author":1,"featured_media":0,"parent":0,"menu_order":0,"comment_status":"closed","ping_status":"closed","template":"","meta":{"footnotes":""},"class_list":["post-13","page","type-page","status-publish","hentry"],"jetpack_sharing_enabled":true,"_links":{"self":[{"href":"https:\/\/manufactus.art\/index.php?rest_route=\/wp\/v2\/pages\/13","targetHints":{"allow":["GET"]}}],"collection":[{"href":"https:\/\/manufactus.art\/index.php?rest_route=\/wp\/v2\/pages"}],"about":[{"href":"https:\/\/manufactus.art\/index.php?rest_route=\/wp\/v2\/types\/page"}],"author":[{"embeddable":true,"href":"https:\/\/manufactus.art\/index.php?rest_route=\/wp\/v2\/users\/1"}],"replies":[{"embeddable":true,"href":"https:\/\/manufactus.art\/index.php?rest_route=%2Fwp%2Fv2%2Fcomments&post=13"}],"version-history":[{"count":4,"href":"https:\/\/manufactus.art\/index.php?rest_route=\/wp\/v2\/pages\/13\/revisions"}],"predecessor-version":[{"id":1766,"href":"https:\/\/manufactus.art\/index.php?rest_route=\/wp\/v2\/pages\/13\/revisions\/1766"}],"wp:attachment":[{"href":"https:\/\/manufactus.art\/index.php?rest_route=%2Fwp%2Fv2%2Fmedia&parent=13"}],"curies":[{"name":"wp","href":"https:\/\/api.w.org\/{rel}","templated":true}]}}